











	
{"id":11,"date":"2021-10-04T11:56:49","date_gmt":"2021-10-04T14:56:49","guid":{"rendered":"https:\/\/ulbra-to.br\/caos-novo\/?page_id=11"},"modified":"2025-09-05T09:12:44","modified_gmt":"2025-09-05T12:12:44","slug":"expediente","status":"publish","type":"page","link":"https:\/\/ulbra-to.br\/caos\/expediente\/","title":{"rendered":"Expediente"},"content":{"rendered":"\n<h2 class=\"wp-block-heading has-normal-font-size\">COMIT\u00ca ORGANIZADOR<\/h2>\n\n\n\n<ul>\n<li>Douglas Aquino Moreno (Prof. Me.)<\/li>\n\n\n\n<li>Irenides Teixeira (Profa. Dra.)<\/li>\n\n\n\n<li>Isaura di Bortolli Rossato (Profa. Esp.)<\/li>\n\n\n\n<li>Luiz Gustavo Santana (Prof. Me.)<\/li>\n\n\n\n<li>Sonielson Luciano de Sousa (Prof. Me.)<\/li>\n<\/ul>\n\n\n\n<h2 class=\"wp-block-heading has-normal-font-size\">COMIT\u00ca EDITORIAL<\/h2>\n\n\n\n<ul>\n<li>Profa. Dra. Irenides Teixeira<\/li>\n\n\n\n<li>Prof. Me. Luiz Gustavo Santana<\/li>\n\n\n\n<li>Prof. Me. Sonielson Luciano de Sousa<\/li>\n<\/ul>\n\n\n\n<h2 class=\"wp-block-heading has-normal-font-size\">COMIT\u00ca T\u00c9CNICO-CIENT\u00cdFICO<\/h2>\n\n\n\n<ul>\n<li><strong>Alice Chaves de Carvalho Gomes<\/strong> (Dra. | Universidade Federal do Vale do S\u00e3o Francisco &#8211; UNIVASF)<\/li>\n\n\n\n<li><strong>Ana Magn\u00f3lia Bezerra Mendes<\/strong> (Dra. | Universidade de Bras\u00edlia &#8211; UNB)<\/li>\n\n\n\n<li><strong>Analucy Aury Vieria de Oliveira<\/strong> (Dra. | Pontif\u00edcia Universidade Cat\u00f3lica de Goi\u00e1s &#8211; PUC\/GO)<\/li>\n\n\n\n<li>Cl\u00e9a Maria Ball\u00e3o (Ma. | Universidade Estadual do Centro Oeste &#8211; UNICENTRO)<\/li>\n\n\n\n<li><strong>Liliam Deisy Ghizoni<\/strong> (Dra. | Universidade Federal do Tocantins &#8211; UFT)<\/li>\n\n\n\n<li><strong>Parcilene Fernandes de Brito<\/strong> (Dra. | Centro Universit\u00e1rio Luterano de Palmas \u2013 CEULP\/ULBRA))<\/li>\n\n\n\n<li><strong>Raquel Castilho Sousa<\/strong> (Dra. | Universidade Federal do Tocantins &#8211; UFT)<\/li>\n\n\n\n<li><strong>Rosana Carneiro<\/strong> Tavares (Dra. | Pontif\u00edcia Universidade Cat\u00f3lica de Goi\u00e1s &#8211; PUC\/GO)<\/li>\n<\/ul>\n","protected":false},"excerpt":{"rendered":"<p>COMIT\u00ca ORGANIZADOR COMIT\u00ca EDITORIAL COMIT\u00ca T\u00c9CNICO-CIENT\u00cdFICO<\/p>\n","protected":false},"author":1,"featured_media":0,"parent":0,"menu_order":0,"comment_status":"closed","ping_status":"closed","template":"","meta":{"footnotes":""},"_links":{"self":[{"href":"https:\/\/ulbra-to.br\/caos\/wp-json\/wp\/v2\/pages\/11"}],"collection":[{"href":"https:\/\/ulbra-to.br\/caos\/wp-json\/wp\/v2\/pages"}],"about":[{"href":"https:\/\/ulbra-to.br\/caos\/wp-json\/wp\/v2\/types\/page"}],"author":[{"embeddable":true,"href":"https:\/\/ulbra-to.br\/caos\/wp-json\/wp\/v2\/users\/1"}],"replies":[{"embeddable":true,"href":"https:\/\/ulbra-to.br\/caos\/wp-json\/wp\/v2\/comments?post=11"}],"version-history":[{"count":2,"href":"https:\/\/ulbra-to.br\/caos\/wp-json\/wp\/v2\/pages\/11\/revisions"}],"predecessor-version":[{"id":726,"href":"https:\/\/ulbra-to.br\/caos\/wp-json\/wp\/v2\/pages\/11\/revisions\/726"}],"wp:attachment":[{"href":"https:\/\/ulbra-to.br\/caos\/wp-json\/wp\/v2\/media?parent=11"}],"curies":[{"name":"wp","href":"https:\/\/api.w.org\/{rel}","templated":true}]}}