











	
{"id":14,"date":"2021-10-04T14:06:16","date_gmt":"2021-10-04T17:06:16","guid":{"rendered":"https:\/\/ulbra-to.br\/caos-novo\/?page_id=14"},"modified":"2025-09-12T10:16:58","modified_gmt":"2025-09-12T13:16:58","slug":"normas-de-publicacao","status":"publish","type":"page","link":"https:\/\/ulbra-to.br\/caos\/normas-de-publicacao\/","title":{"rendered":"Normas de Publica\u00e7\u00e3o"},"content":{"rendered":"\n<h3 class=\"wp-block-heading has-medium-font-size\"><strong><strong>ORIENTA\u00c7\u00d5ES<\/strong><\/strong><\/h3>\n\n\n\n<p>Para participar do CAOS, os participantes devem, ap\u00f3s a efetiva\u00e7\u00e3o da inscri\u00e7\u00e3o, submeter seus trabalhos (artigos).&nbsp;<\/p>\n\n\n\n<p><strong>Os textos devem ter entre doze e dezoito p\u00e1ginas e seguir as normas de formata\u00e7\u00e3o do&nbsp;template disponibilizado<\/strong>.<\/p>\n\n\n\n<p>Ap\u00f3s a inscri\u00e7\u00e3o, o trabalho passar\u00e1 pela avalia\u00e7\u00e3o de um comit\u00ea cient\u00edfico. Ressalta-se que o objetivo do CAOS \u00e9 o est\u00edmulo \u00e0 atividade de pesquisa de temas relevantes para a psicologia e seu desenvolvimento enquanto ci\u00eancia e profiss\u00e3o. Assim, a avalia\u00e7\u00e3o dos trabalhos ter\u00e1 car\u00e1ter formativo e os pareceres estar\u00e3o voltados para o aprimoramento das pesquisas.<\/p>\n\n\n\n<p>Depois de aprovado pelo comit\u00ea cient\u00edfico, a rela\u00e7\u00e3o de trabalhos (e ensalamento) ser\u00e1 divulgada no site do evento e este dever\u00e1 ser apresentado oralmente no dia&nbsp;17\/10\/2025, das 14h \u00e0s 17h. Essa apresenta\u00e7\u00e3o seguir\u00e1 o tempo estabelecido de xx minutos, bem como a ordem divulgada previamente no site do Congresso.<\/p>\n\n\n\n<p>As apresenta\u00e7\u00f5es ser\u00e3o organizadas por afinidade entre as tem\u00e1ticas dos trabalhos inscritos, formando-se, assim, mesas de discuss\u00e3o.<\/p>\n\n\n\n<h3 class=\"wp-block-heading has-medium-font-size\"><strong><strong><strong>NORMAS PARA O ARTIGO<\/strong><\/strong><\/strong><\/h3>\n\n\n\n<div class=\"wp-block-file\"><a id=\"wp-block-file--media-f630718b-d79e-47c8-845f-4f61d874a017\" href=\"https:\/\/ulbra-to.br\/caos\/wp-content\/uploads\/2025\/09\/Modelo-de-Resumo-2025-1.docx\"><strong>Modelo Artigo CAOS 2025<\/strong><\/a><a href=\"https:\/\/ulbra-to.br\/caos\/wp-content\/uploads\/2025\/09\/Modelo-de-Resumo-2025-1.docx\" class=\"wp-block-file__button wp-element-button\" download aria-describedby=\"wp-block-file--media-f630718b-d79e-47c8-845f-4f61d874a017\">Baixar<\/a><\/div>\n","protected":false},"excerpt":{"rendered":"<p>ORIENTA\u00c7\u00d5ES Para participar do CAOS, os participantes devem, ap\u00f3s a efetiva\u00e7\u00e3o da inscri\u00e7\u00e3o, submeter seus trabalhos (artigos).&nbsp; Os textos devem ter entre doze e dezoito p\u00e1ginas e seguir as normas de formata\u00e7\u00e3o do&nbsp;template disponibilizado. Ap\u00f3s a inscri\u00e7\u00e3o, o trabalho passar\u00e1 pela avalia\u00e7\u00e3o de um comit\u00ea cient\u00edfico. Ressalta-se que o objetivo do CAOS \u00e9 o est\u00edmulo [&hellip;]<\/p>\n","protected":false},"author":1,"featured_media":0,"parent":0,"menu_order":0,"comment_status":"closed","ping_status":"closed","template":"","meta":{"footnotes":""},"_links":{"self":[{"href":"https:\/\/ulbra-to.br\/caos\/wp-json\/wp\/v2\/pages\/14"}],"collection":[{"href":"https:\/\/ulbra-to.br\/caos\/wp-json\/wp\/v2\/pages"}],"about":[{"href":"https:\/\/ulbra-to.br\/caos\/wp-json\/wp\/v2\/types\/page"}],"author":[{"embeddable":true,"href":"https:\/\/ulbra-to.br\/caos\/wp-json\/wp\/v2\/users\/1"}],"replies":[{"embeddable":true,"href":"https:\/\/ulbra-to.br\/caos\/wp-json\/wp\/v2\/comments?post=14"}],"version-history":[{"count":10,"href":"https:\/\/ulbra-to.br\/caos\/wp-json\/wp\/v2\/pages\/14\/revisions"}],"predecessor-version":[{"id":737,"href":"https:\/\/ulbra-to.br\/caos\/wp-json\/wp\/v2\/pages\/14\/revisions\/737"}],"wp:attachment":[{"href":"https:\/\/ulbra-to.br\/caos\/wp-json\/wp\/v2\/media?parent=14"}],"curies":[{"name":"wp","href":"https:\/\/api.w.org\/{rel}","templated":true}]}}