











	
{"id":7,"date":"2021-10-04T11:31:47","date_gmt":"2021-10-04T14:31:47","guid":{"rendered":"https:\/\/ulbra-to.br\/caos-novo\/?page_id=7"},"modified":"2021-10-04T11:31:47","modified_gmt":"2021-10-04T14:31:47","slug":"apresentacao","status":"publish","type":"page","link":"https:\/\/ulbra-to.br\/caos\/apresentacao\/","title":{"rendered":"Apresenta\u00e7\u00e3o"},"content":{"rendered":"\n<p>A subvers\u00e3o de conceitos aparentemente fechados \u00e9 uma das marcas das mentes mais invej\u00e1veis de todos os tempos. E pensar de forma subversiva \u00e9 tamb\u00e9m quebrar com a linearidade das considera\u00e7\u00f5es pr\u00e9-concebidas. Assim, resignificar e despir as &#8220;verdades&#8221; s\u00e3o a t\u00f4nica de toda a produ\u00e7\u00e3o cient\u00edfica, de toda a produ\u00e7\u00e3o de saberes. Caso contr\u00e1rio, n\u00e3o se estaria produzindo ci\u00eancia, mas, antes, dogmas.<\/p>\n\n\n<p>A subvers\u00e3o de conceitos aparentemente fechados \u00e9 uma das marcas das mentes mais invej\u00e1veis de todos os tempos. E pensar de forma subversiva \u00e9 tamb\u00e9m quebrar com a linearidade das considera\u00e7\u00f5es pr\u00e9-concebidas. Assim, resignificar e despir as &#8220;verdades&#8221; s\u00e3o a t\u00f4nica de toda a produ\u00e7\u00e3o cient\u00edfica, de toda a produ\u00e7\u00e3o de saberes. Caso contr\u00e1rio, n\u00e3o se estaria produzindo ci\u00eancia, mas, antes, dogmas.<\/p>\n\n\n<p>\u00c9 neste sentido que, tamb\u00e9m, para a Psicologia, o CAOS possibilita pensar sobre uma maneira de enxergar o Ser para al\u00e9m de r\u00f3tulos ou de concep\u00e7\u00f5es a priori. Este microcosmo humano que \u00e9 objeto de escrut\u00ednio do profissional de Psicologia guarda uma gama de imprevisibilidade e de originalidade que representam a pr\u00f3pria riqueza da exist\u00eancia. Afinal, pelo CAOS pode-se iniciar intensos processos de mudan\u00e7as, autossupera\u00e7\u00f5es e singularidades. \u00c9 pelo princ\u00edpio do imprevis\u00edvel e do radicalmente distinto que se vislumbra a beleza da diferen\u00e7a. Estas s\u00e3o, em s\u00famula, as bandeiras da Psicologia, \u00e1rea da ci\u00eancia calcada essencialmente no Humanismo, que busca elevar a condi\u00e7\u00e3o humana em toda a sua excentricidade, sem amarras, sem julgamentos. Esse \u00e9 o princ\u00edpio do CAOS, o Congresso Acad\u00eamico de Saberes em Psicologia do Ceulp\/Ulbra.<\/p>\n","protected":false},"excerpt":{"rendered":"<p>A subvers\u00e3o de conceitos aparentemente fechados \u00e9 uma das marcas das mentes mais invej\u00e1veis de todos os tempos. E pensar de forma subversiva \u00e9 tamb\u00e9m quebrar com a linearidade das considera\u00e7\u00f5es pr\u00e9-concebidas. Assim, resignificar e despir as &#8220;verdades&#8221; s\u00e3o a t\u00f4nica de toda a produ\u00e7\u00e3o cient\u00edfica, de toda a produ\u00e7\u00e3o de saberes. Caso contr\u00e1rio, n\u00e3o [&hellip;]<\/p>\n","protected":false},"author":1,"featured_media":35,"parent":0,"menu_order":0,"comment_status":"closed","ping_status":"closed","template":"","meta":{"footnotes":""},"_links":{"self":[{"href":"https:\/\/ulbra-to.br\/caos\/wp-json\/wp\/v2\/pages\/7"}],"collection":[{"href":"https:\/\/ulbra-to.br\/caos\/wp-json\/wp\/v2\/pages"}],"about":[{"href":"https:\/\/ulbra-to.br\/caos\/wp-json\/wp\/v2\/types\/page"}],"author":[{"embeddable":true,"href":"https:\/\/ulbra-to.br\/caos\/wp-json\/wp\/v2\/users\/1"}],"replies":[{"embeddable":true,"href":"https:\/\/ulbra-to.br\/caos\/wp-json\/wp\/v2\/comments?post=7"}],"version-history":[{"count":0,"href":"https:\/\/ulbra-to.br\/caos\/wp-json\/wp\/v2\/pages\/7\/revisions"}],"wp:featuredmedia":[{"embeddable":true,"href":"https:\/\/ulbra-to.br\/caos\/wp-json\/wp\/v2\/media\/35"}],"wp:attachment":[{"href":"https:\/\/ulbra-to.br\/caos\/wp-json\/wp\/v2\/media?parent=7"}],"curies":[{"name":"wp","href":"https:\/\/api.w.org\/{rel}","templated":true}]}}