






	
{"id":104,"date":"2020-09-18T11:22:02","date_gmt":"2020-09-18T14:22:02","guid":{"rendered":"http:\/\/localhost\/eventos\/?page_id=2"},"modified":"2025-07-11T15:17:28","modified_gmt":"2025-07-11T18:17:28","slug":"apresentacao","status":"publish","type":"page","link":"https:\/\/ulbra-to.br\/jornada\/apresentacao","title":{"rendered":"Apresenta\u00e7\u00e3o"},"content":{"rendered":"\n<p>A Jornada de Inicia\u00e7\u00e3o Cient\u00edfica (JIC) do Ceulp\/Ulbra \u00e9 mais do que um evento acad\u00eamico \u2014 \u00e9 a celebra\u00e7\u00e3o do conhecimento em sua forma mais vibrante. Reconhecida como o maior e mais importante encontro cient\u00edfico da Institui\u00e7\u00e3o, e um dos mais expressivos de todo o estado, a JIC representa um marco anual de valoriza\u00e7\u00e3o da pesquisa, da curiosidade intelectual e do compromisso com a transforma\u00e7\u00e3o social por meio da ci\u00eancia.<\/p>\n\n\n\n<p>Ao reunir estudantes de gradua\u00e7\u00e3o e p\u00f3s-gradua\u00e7\u00e3o, docentes e pesquisadores das mais diversas \u00e1reas do saber, a JIC se firma como um espa\u00e7o privilegiado de di\u00e1logo, troca de experi\u00eancias e constru\u00e7\u00e3o coletiva do conhecimento. \u00c9 nesse ambiente pulsante que ideias ganham forma, que investiga\u00e7\u00f5es se aprofundam e que novos olhares sobre o mundo emergem.<\/p>\n\n\n\n<p>Mais do que divulgar resultados de pesquisas, a Jornada inspira trajet\u00f3rias, fortalece voca\u00e7\u00f5es cient\u00edficas e reafirma o papel da universidade como protagonista na produ\u00e7\u00e3o de saberes \u00e9ticos, cr\u00edticos e comprometidos com os desafios contempor\u00e2neos. Em cada apresenta\u00e7\u00e3o, em cada pergunta, em cada encontro, reafirmamos que a ci\u00eancia \u00e9 uma for\u00e7a viva \u2014 e que o futuro se constr\u00f3i a partir dela.<\/p>\n\n\n\n<p><strong><strong><strong>OBJETIVOS<\/strong><\/strong><\/strong><\/p>\n\n\n\n<ul><li>Oportunizar aos jovens pesquisadores a apresenta\u00e7\u00e3o dos trabalhos cient\u00edficos desenvolvidos;<\/li><li>Incentivar a pesquisa entre os acad\u00eamicos;<\/li><li>Proporcionar interc\u00e2mbio entre os pesquisadores e estudantes;<\/li><li>Fortalecer a pesquisa na Ulbra Palmas;<\/li><li>Divulgar e debater os trabalhos cient\u00edficos desenvolvidos pelos discentes nas grandes \u00e1reas do conhecimento;<\/li><li>Gerar novos conhecimentos;<\/li><li>Divulgar as pesquisas cient\u00edficas por meio de publica\u00e7\u00f5es de car\u00e1ter cient\u00edfico.<\/li><\/ul>\n\n\n\n<p><strong><strong>SOBRE O EVENTO<\/strong><\/strong><\/p>\n\n\n\n<p>Al\u00e9m da possibilidade de participar como apresentadores e ouvintes de trabalhos cient\u00edficos, e em palestras, acad\u00eamicos do Ceulp\/Ulbra apresentam seus achados cient\u00edficos, contribuindo para a divulga\u00e7\u00e3o e a discuss\u00e3o de pesquisas, inova\u00e7\u00f5es e produ\u00e7\u00f5es locais, regionais e\/ou nacionais. As atividades tamb\u00e9m s\u00e3o abertas \u00e0 participa\u00e7\u00e3o de acad\u00eamicos de outras Institui\u00e7\u00f5es de ensino e profissionais, al\u00e9m da comunidade local.<\/p>\n\n\n\n<p>Mediante a avalia\u00e7\u00e3o dos trabalhos (conduzida por docentes da Institui\u00e7\u00e3o e convidados externos), as produ\u00e7\u00f5es concorrem ao <strong>Pr\u00eamio Jovem Pesquisador<\/strong> (tr\u00eas melhores trabalhos de cada \u00e1rea). Os participantes externos, face a boa avalia\u00e7\u00e3o, est\u00e3o aptos a receber Men\u00e7\u00e3o Honrosa.<\/p>\n\n\n\n<p><strong><strong>\u00c1REAS DE AVALIA\u00c7\u00c3O<\/strong><\/strong><\/p>\n\n\n\n<p>A elabora\u00e7\u00e3o dos trabalhos dever\u00e1 enquadrar-se em uma das \u00e1reas estabelecidas a seguir:<\/p>\n\n\n\n<ul><li>Ci\u00eancias Agr\u00e1rias e Biol\u00f3gicas<\/li><li>Engenharias<\/li><li>Ci\u00eancias Humanas<\/li><li>Ci\u00eancias da Sa\u00fade<\/li><li>Ci\u00eancias Sociais Aplicadas<\/li><li>Ci\u00eancias Exatas e da Terra<\/li><\/ul>\n","protected":false},"excerpt":{"rendered":"<p>A Jornada de Inicia\u00e7\u00e3o Cient\u00edfica (JIC) do Ceulp\/Ulbra \u00e9 mais do que um evento acad\u00eamico \u2014 \u00e9 a celebra\u00e7\u00e3o do conhecimento em sua forma mais vibrante. Reconhecida como o maior e mais importante encontro cient\u00edfico da Institui\u00e7\u00e3o, e um dos mais expressivos de todo o estado, a JIC representa um marco anual de valoriza\u00e7\u00e3o da [&hellip;]<\/p>\n","protected":false},"author":1,"featured_media":0,"parent":0,"menu_order":0,"comment_status":"closed","ping_status":"open","template":"","meta":[],"_links":{"self":[{"href":"https:\/\/ulbra-to.br\/jornada\/wp-json\/wp\/v2\/pages\/104"}],"collection":[{"href":"https:\/\/ulbra-to.br\/jornada\/wp-json\/wp\/v2\/pages"}],"about":[{"href":"https:\/\/ulbra-to.br\/jornada\/wp-json\/wp\/v2\/types\/page"}],"author":[{"embeddable":true,"href":"https:\/\/ulbra-to.br\/jornada\/wp-json\/wp\/v2\/users\/1"}],"replies":[{"embeddable":true,"href":"https:\/\/ulbra-to.br\/jornada\/wp-json\/wp\/v2\/comments?post=104"}],"version-history":[{"count":20,"href":"https:\/\/ulbra-to.br\/jornada\/wp-json\/wp\/v2\/pages\/104\/revisions"}],"predecessor-version":[{"id":1645,"href":"https:\/\/ulbra-to.br\/jornada\/wp-json\/wp\/v2\/pages\/104\/revisions\/1645"}],"wp:attachment":[{"href":"https:\/\/ulbra-to.br\/jornada\/wp-json\/wp\/v2\/media?parent=104"}],"curies":[{"name":"wp","href":"https:\/\/api.w.org\/{rel}","templated":true}]}}