






	
{"id":1296,"date":"2023-10-27T09:49:05","date_gmt":"2023-10-27T12:49:05","guid":{"rendered":"https:\/\/ulbra-to.br\/jornada\/?page_id=1296"},"modified":"2023-10-27T11:38:22","modified_gmt":"2023-10-27T14:38:22","slug":"trabalhos-premiados-2023","status":"publish","type":"page","link":"https:\/\/ulbra-to.br\/jornada\/trabalhos-premiados-2023","title":{"rendered":"Trabalhos Premiados 2023"},"content":{"rendered":"\n<div style=\"height:60px\" aria-hidden=\"true\" class=\"wp-block-spacer\"><\/div>\n\n\n\n<h3><span style=\"color:#0071a1\" class=\"has-inline-color\">CI\u00caNCIAS AGR\u00c1RIAS<\/span><\/h3>\n\n\n\n<p><strong>1\u00b0 Lugar<\/strong>:\u00a0PRODUTIVIDADE E QUALIDADE FISIOL\u00d3GICA DE SEMENTES DE MILHO COM DIFERENTES FONTES DE NITROG\u00caNIO EM COBERTURA<\/p>\n\n\n\n<p><strong>2\u00b0 Lugar<\/strong>:\u00a0AVALIA\u00c7\u00c3O DA TOLER\u00c2NCIA \u00c0 DESSECA\u00c7\u00c3O E ARMAZENAMENTO DE SEMENTES DE CACAU (THEOBROMA CACAO), EM PALMAS, TOCANTINS<\/p>\n\n\n\n<p><strong>3\u00b0 Lugar<\/strong>:\u00a0USO DE HIDROCOL\u00d3IDE EM C\u00c3O PARA TRATAMENTO DE LES\u00c3O EM REGI\u00c3O METATARSIANA<\/p>\n\n\n\n<div style=\"height:60px\" aria-hidden=\"true\" class=\"wp-block-spacer\"><\/div>\n\n\n\n<h3><span style=\"color:#0071a1\" class=\"has-inline-color\">CI\u00caNCIAS EXATAS<\/span><\/h3>\n\n\n\n<p><strong>1\u00b0 Lugar<\/strong>:\u00a0UMA REVIS\u00c3O SISTEM\u00c1TICA DE LITERATURA SOBRE \u201cA EFIC\u00c1CIA DAS APLICA\u00c7\u00d5ES DE IA NO ENSINO ADAPTATIVO E PERSONALIZADO\u201d A PARTIR DE ARTIGOS CIENT\u00cdFICOS EM L\u00cdNGUA PORTUGUESA<\/p>\n\n\n\n<p><strong>2\u00b0 Lugar<\/strong>:\u00a0CRIA\u00c7\u00c3O DE PERSONAGEM USANDO ANIMA\u00c7\u00c3O PROCEDURAL ADAPTATIVA: ESTUDO DE CASO PARA O JOGO \u201cSUBSOLO DO ABSURDO\u201d<\/p>\n\n\n\n<p><strong>3\u00b0 Lugar<\/strong>:\u00a0DESENVOLVIMENTO DO ALGORITMO \u201cPREDIMATE\u201d PARA O APRIMORAMENTO DO M\u00d3DULO TABELA-VERDADE DO LOGIC LIVE<\/p>\n\n\n\n<div style=\"height:60px\" aria-hidden=\"true\" class=\"wp-block-spacer\"><\/div>\n\n\n\n<h3><span style=\"color:#0071a1\" class=\"has-inline-color\">CI\u00caNCIAS HUMANAS<\/span><\/h3>\n\n\n\n<p><strong>1\u00b0 Lugar<\/strong>:\u00a0PORTAL (EN)CENA: EXPLORANDO A SEXUALIDADE E OS RELACIONAMENTOS NA PERSPECTIVA DA SA\u00daDE MENTAL<\/p>\n\n\n\n<p><strong>2\u00b0 Lugar<\/strong>:\u00a0AS EMO\u00c7\u00d5ES NO COTIDIANO DAS ESCOLAS: UM POSS\u00cdVEL OLHAR PSICOSSOCIAL<\/p>\n\n\n\n<p><strong>3\u00b0 Lugar<\/strong>:\u00a0ARTE, CI\u00caNCIA E INTELIG\u00caNCIA ARTIFICIAL: A MATERIALIZA\u00c7\u00c3O DE IMAGENS<\/p>\n\n\n\n<div style=\"height:60px\" aria-hidden=\"true\" class=\"wp-block-spacer\"><\/div>\n\n\n\n<h3><span style=\"color:#0071a1\" class=\"has-inline-color\">CI\u00caNCIAS SOCIAIS APLICADAS<\/span><\/h3>\n\n\n\n<p><strong>1\u00b0 Lugar<\/strong>:\u00a0CHATGPT NA EDUCA\u00c7\u00c3O: INOVA\u00c7\u00c3O NO CURSO DE DIREITO DA ULBRA PALMAS<\/p>\n\n\n\n<p><strong>1\u00b0 Lugar<\/strong>:\u00a0REMI\u00c7\u00c3O DA PENA PELO TRABALHO NO PRES\u00cdDIO FEMININO DE PALMAS: ATUA\u00c7\u00c3O DA PSICOLOGIA E DO DIREITO<\/p>\n\n\n\n<p><strong>2\u00b0 Lugar<\/strong>:\u00a0DESAFIOS ENFRENTADOS PELO TRABALHADOR INTERMITENTE NO CEN\u00c1RIO P\u00d3S-PANDEMIA: UMA AN\u00c1LISE DE SUA VULNERABILIDADE<\/p>\n\n\n\n<p><strong>3\u00b0 Lugar<\/strong>:\u00a0A RELEV\u00c2NCIA DO PORTAL DA TRANSPAR\u00caNCIA DO TRIBUNAL DE JUSTI\u00c7A DO ESTADO DO TOCANTINS PARA OS CIDAD\u00c3OS<\/p>\n\n\n\n<div style=\"height:60px\" aria-hidden=\"true\" class=\"wp-block-spacer\"><\/div>\n\n\n\n<h3><span style=\"color:#0071a1\" class=\"has-inline-color\">CI\u00caNCIAS DA SA\u00daDE<\/span><\/h3>\n\n\n\n<p><strong>1\u00b0 Lugar<\/strong>:\u00a0INTERVEN\u00c7\u00c3O ENDOD\u00d4NTICA EM DENTES ACOMETIDOS POR AVULS\u00c3O E EM PROCESSO DE REABSOR\u00c7\u00c3O RADICULAR: ESTUDO DE CASO CL\u00cdNICO<\/p>\n\n\n\n<p><strong>2\u00b0 Lugar<\/strong>:\u00a0OCORR\u00caNCIAS EM OBSTETR\u00cdCIA ATENDIDAS PELO SERVI\u00c7O PR\u00c9 HOSPITALAR M\u00d3VEL: REVIS\u00c3O DE LITERATURA<\/p>\n\n\n\n<p><strong>2\u00b0 Lugar<\/strong>:\u00a0PRODU\u00c7\u00c3O DE PAPEL BIODEGRAD\u00c1VEL A PARTIR DA FOLHA DE BANANEIRA COM PROPRIEDADES ANTIF\u00daNGICAS PARA USO COMO EMBALAGEM ATIVA DE PRODUTOS DE PANIFICA\u00c7\u00c3O<\/p>\n\n\n\n<p><strong>3\u00b0 Lugar<\/strong>:\u00a0ISOLAMENTO, IDENTIFICA\u00c7\u00c3O E POTENCIAL BIOTECNOL\u00d3GICO DE FUNGOS ENDOF\u00cdTICOS ASSOCIADOS \u00c0 PLANTA JAMB\u00da (Acmella ciliata).<\/p>\n\n\n\n<p><strong>1\u00b0 Men\u00e7\u00e3o Honrosa<\/strong>:\u00a0DOSAGEM DE CORTISOL SALIVAR EM DOCENTES DO ENSINO M\u00c9DIO P\u00daBLICO<\/p>\n\n\n\n<p><strong>2\u00b0 Men\u00e7\u00e3o Honrosa<\/strong>:\u00a0PRODU\u00c7\u00c3O DE MEIO DE CULTURA CROMOG\u00caNIO PARA INFEC\u00c7\u00c3O DO TRATO URIN\u00c1RIO<\/p>\n","protected":false},"excerpt":{"rendered":"<p>CI\u00caNCIAS AGR\u00c1RIAS 1\u00b0 Lugar:\u00a0PRODUTIVIDADE E QUALIDADE FISIOL\u00d3GICA DE SEMENTES DE MILHO COM DIFERENTES FONTES DE NITROG\u00caNIO EM COBERTURA 2\u00b0 Lugar:\u00a0AVALIA\u00c7\u00c3O DA TOLER\u00c2NCIA \u00c0 DESSECA\u00c7\u00c3O E ARMAZENAMENTO DE SEMENTES DE CACAU (THEOBROMA CACAO), EM PALMAS, TOCANTINS 3\u00b0 Lugar:\u00a0USO DE HIDROCOL\u00d3IDE EM C\u00c3O PARA TRATAMENTO DE LES\u00c3O EM REGI\u00c3O METATARSIANA CI\u00caNCIAS EXATAS 1\u00b0 Lugar:\u00a0UMA REVIS\u00c3O SISTEM\u00c1TICA DE [&hellip;]<\/p>\n","protected":false},"author":1,"featured_media":0,"parent":0,"menu_order":0,"comment_status":"closed","ping_status":"closed","template":"","meta":[],"_links":{"self":[{"href":"https:\/\/ulbra-to.br\/jornada\/wp-json\/wp\/v2\/pages\/1296"}],"collection":[{"href":"https:\/\/ulbra-to.br\/jornada\/wp-json\/wp\/v2\/pages"}],"about":[{"href":"https:\/\/ulbra-to.br\/jornada\/wp-json\/wp\/v2\/types\/page"}],"author":[{"embeddable":true,"href":"https:\/\/ulbra-to.br\/jornada\/wp-json\/wp\/v2\/users\/1"}],"replies":[{"embeddable":true,"href":"https:\/\/ulbra-to.br\/jornada\/wp-json\/wp\/v2\/comments?post=1296"}],"version-history":[{"count":7,"href":"https:\/\/ulbra-to.br\/jornada\/wp-json\/wp\/v2\/pages\/1296\/revisions"}],"predecessor-version":[{"id":1637,"href":"https:\/\/ulbra-to.br\/jornada\/wp-json\/wp\/v2\/pages\/1296\/revisions\/1637"}],"wp:attachment":[{"href":"https:\/\/ulbra-to.br\/jornada\/wp-json\/wp\/v2\/media?parent=1296"}],"curies":[{"name":"wp","href":"https:\/\/api.w.org\/{rel}","templated":true}]}}