






	
{"id":150,"date":"2020-10-07T12:00:02","date_gmt":"2020-10-07T15:00:02","guid":{"rendered":"http:\/\/ulbra-to.br\/jornada-wordpress\/?page_id=150"},"modified":"2025-07-11T15:20:01","modified_gmt":"2025-07-11T18:20:01","slug":"premio-jovem-pesquisador","status":"publish","type":"page","link":"https:\/\/ulbra-to.br\/jornada\/premio-jovem-pesquisador","title":{"rendered":"Pr\u00eamio Jovem Pesquisador"},"content":{"rendered":"\n<p>O\u00a0<strong>Pr\u00eamio Jovem Pesquisador<\/strong>\u00a0\u00e9 tradicionalmente concedido aos acad\u00eamicos que tiveram suas produ\u00e7\u00f5es avaliadas na Jornada de Inicia\u00e7\u00e3o Cient\u00edfica do Ceulp\/Ulbra.<\/p>\n\n\n\n<p><strong>Orienta\u00e7\u00f5es<\/strong><\/p>\n\n\n\n<p>Os trabalhos apresentados por estudantes de gradua\u00e7\u00e3o ser\u00e3o avaliados por um comit\u00ea t\u00e9cnico-cient\u00edfico de cada \u00e1rea, constitu\u00eddo por professores\/pesquisadores, al\u00e9m de outras institui\u00e7\u00f5es convidadas. Os tr\u00eas melhores trabalhos, em cada \u00e1rea (ou jun\u00e7\u00e3o de \u00e1reas), receber\u00e3o o pr\u00eamio\u00a0Jovem Pesquisador.<\/p>\n\n\n\n<p>O Pr\u00eamio Jovem Pesquisador s\u00f3 ser\u00e1 concedido para trabalhos que tiverem, entre os autores, acad\u00eamicos regularmente matriculados.<\/p>\n\n\n\n<p><strong>\u00c1REAS DEFINIDAS NO EVENTO<\/strong><\/p>\n\n\n\n<ul><li>Ci\u00eancias Agr\u00e1rias e Biol\u00f3gicas<\/li><li>Ci\u00eancias Exatas e da Terra<\/li><li>Engenharias<\/li><li>Ci\u00eancias Humanas<\/li><li>Ci\u00eancias Sociais Aplicadas<\/li><li>Ci\u00eancias da Sa\u00fade<\/li><\/ul>\n","protected":false},"excerpt":{"rendered":"<p>O\u00a0Pr\u00eamio Jovem Pesquisador\u00a0\u00e9 tradicionalmente concedido aos acad\u00eamicos que tiveram suas produ\u00e7\u00f5es avaliadas na Jornada de Inicia\u00e7\u00e3o Cient\u00edfica do Ceulp\/Ulbra. Orienta\u00e7\u00f5es Os trabalhos apresentados por estudantes de gradua\u00e7\u00e3o ser\u00e3o avaliados por um comit\u00ea t\u00e9cnico-cient\u00edfico de cada \u00e1rea, constitu\u00eddo por professores\/pesquisadores, al\u00e9m de outras institui\u00e7\u00f5es convidadas. Os tr\u00eas melhores trabalhos, em cada \u00e1rea (ou jun\u00e7\u00e3o de \u00e1reas), [&hellip;]<\/p>\n","protected":false},"author":1,"featured_media":0,"parent":0,"menu_order":0,"comment_status":"closed","ping_status":"closed","template":"","meta":[],"_links":{"self":[{"href":"https:\/\/ulbra-to.br\/jornada\/wp-json\/wp\/v2\/pages\/150"}],"collection":[{"href":"https:\/\/ulbra-to.br\/jornada\/wp-json\/wp\/v2\/pages"}],"about":[{"href":"https:\/\/ulbra-to.br\/jornada\/wp-json\/wp\/v2\/types\/page"}],"author":[{"embeddable":true,"href":"https:\/\/ulbra-to.br\/jornada\/wp-json\/wp\/v2\/users\/1"}],"replies":[{"embeddable":true,"href":"https:\/\/ulbra-to.br\/jornada\/wp-json\/wp\/v2\/comments?post=150"}],"version-history":[{"count":9,"href":"https:\/\/ulbra-to.br\/jornada\/wp-json\/wp\/v2\/pages\/150\/revisions"}],"predecessor-version":[{"id":1647,"href":"https:\/\/ulbra-to.br\/jornada\/wp-json\/wp\/v2\/pages\/150\/revisions\/1647"}],"wp:attachment":[{"href":"https:\/\/ulbra-to.br\/jornada\/wp-json\/wp\/v2\/media?parent=150"}],"curies":[{"name":"wp","href":"https:\/\/api.w.org\/{rel}","templated":true}]}}