






	
{"id":1636,"date":"2025-07-04T16:44:33","date_gmt":"2025-07-04T19:44:33","guid":{"rendered":"https:\/\/ulbra-to.br\/jornada\/?page_id=1636"},"modified":"2025-07-04T16:44:54","modified_gmt":"2025-07-04T19:44:54","slug":"trabalhos-premiados-2024","status":"publish","type":"page","link":"https:\/\/ulbra-to.br\/jornada\/trabalhos-premiados-2024","title":{"rendered":"Trabalhos Premiados 2024"},"content":{"rendered":"\n<div style=\"height:60px\" aria-hidden=\"true\" class=\"wp-block-spacer\"><\/div>\n\n\n\n<h3><span style=\"color:#0071a1\" class=\"has-inline-color\">CI\u00caNCIAS AGR\u00c1RIAS<\/span><\/h3>\n\n\n\n<p><strong>1\u00b0 Lugar<\/strong>:\u00a0LEVANTAMENTO FITOSSOCIOL\u00d3GICO DE UM FRAGMENTO DE CERRADO &#8211; TERRAQUARIUM, PALMAS &#8211; TOCANTINS, BRASIL<\/p>\n\n\n\n<p><strong>2\u00b0 Lugar<\/strong>:\u00a0ENUCLEA\u00c7\u00c3O EM CANINO AP\u00d3S TRAUMA OCULAR POR ARRANHADURA<\/p>\n\n\n\n<p><strong>3\u00b0 Lugar<\/strong>:\u00a0EDUCA\u00c7\u00c3O AMBIENTAL INFANTIL: A IMPORT\u00c2NCIA DA NATUREZA NO DESENVOLVIMENTO DAS CRIAN\u00c7AS<\/p>\n\n\n\n<div style=\"height:60px\" aria-hidden=\"true\" class=\"wp-block-spacer\"><\/div>\n\n\n\n<h3><span style=\"color:#0071a1\" class=\"has-inline-color\">CI\u00caNCIAS EXATAS<\/span><\/h3>\n\n\n\n<p><strong>1\u00b0 Lugar<\/strong>:\u00a0DESENVOLVIMENTO DE UM ASSISTENTE INTELIGENTE ESPECIALIZADO UTILIZANDO A ARQUITETURA RAG<\/p>\n\n\n\n<p><strong>2\u00b0 Lugar<\/strong>:\u00a0ESTRUTURAS SEM\u00c2NTICAS PARA AGENTES INTELIGENTES EM JOGOS<\/p>\n\n\n\n<p><strong>3\u00b0 Lugar<\/strong>:\u00a0DESAFIO DO GUARDI\u00c3O: RACIOC\u00cdNIO L\u00d3GICO POR MEIO DE JOGO INTERATIVO<\/p>\n\n\n\n<div style=\"height:60px\" aria-hidden=\"true\" class=\"wp-block-spacer\"><\/div>\n\n\n\n<h3><span style=\"color:#0071a1\" class=\"has-inline-color\">CI\u00caNCIAS HUMANAS<\/span><\/h3>\n\n\n\n<p><strong>1\u00b0 Lugar<\/strong>:\u00a0O QUE DIZEM AS PESQUISAS CIENT\u00cdFICAS SOBRE O IDADISMO: UMA REVIS\u00c3O NARRATIVA DE LITERATURA<\/p>\n\n\n\n<p><strong>2\u00b0 Lugar<\/strong>:\u00a0BULLYNG ESCOLAR E O SUIC\u00cdDIO NA ADOLESC\u00caNCIA: DIALOGANDO SOBRE UMA POSS\u00cdVEL RELA\u00c7\u00c3O<\/p>\n\n\n\n<p><strong>3\u00b0 Lugar<\/strong>:\u00a0PR\u00c1TICAS DE PSIC\u00d3LOGAS (OS) NO CAPS: O PAPEL DA PSICOLOGIA NA SA\u00daDE MENTAL<\/p>\n\n\n\n<div style=\"height:60px\" aria-hidden=\"true\" class=\"wp-block-spacer\"><\/div>\n\n\n\n<h3><span style=\"color:#0071a1\" class=\"has-inline-color\">CI\u00caNCIAS SOCIAIS APLICADAS<\/span><\/h3>\n\n\n\n<p><strong>1\u00b0 Lugar<\/strong>: PROCESSO ELEITORAL E A TECNOLOGIA<\/p>\n\n\n\n<p><strong>2\u00b0 Lugar<\/strong>:\u00a0DIREITOS HUMANOS E MEIO AMBIENTE: QUEIMADAS<\/p>\n\n\n\n<p><strong>3\u00b0 Lugar<\/strong>:\u00a0ANTEPROJETO ARQUITET\u00d4NICO: PLANET\u00c1RIO DE ASTRONOMIA PARA A CIDADE DE PALMAS-TO<\/p>\n\n\n\n<p><strong>1\u00b0 Men\u00e7\u00e3o Honrosa<\/strong>:\u00a0O AVAN\u00c7O DO NEOCONSERVADORISMO E O PAPEL DAS COMUNIDADES TERAP\u00caUTICAS NA POL\u00cdTICA DE SA\u00daDE MENTAL<\/p>\n\n\n\n<div style=\"height:60px\" aria-hidden=\"true\" class=\"wp-block-spacer\"><\/div>\n\n\n\n<h3><span style=\"color:#0071a1\" class=\"has-inline-color\">CI\u00caNCIAS DA SA\u00daDE<\/span><\/h3>\n\n\n\n<p><strong>1\u00b0 Lugar<\/strong>:\u00a0DESAFIOS ENFRENTADOS PELOS PROFISSIONAIS DA SA\u00daDE REFERENTE A PESSOAS COM TRANSTORNOS AUDITIVOS NO TOCANTINS<\/p>\n\n\n\n<p><strong>2\u00b0 Lugar<\/strong>:\u00a0AVALIA\u00c7\u00c3O DA CONDI\u00c7\u00c3O DE SA\u00daDE BUCAL NA ALDEIA IND\u00cdGENA BARREIRA BRANCA<\/p>\n\n\n\n<p><strong>2\u00b0 Lugar<\/strong>:\u00a0OS EFEITOS DO INC\u00caNDIOS FLORESTAIS NA SA\u00daDE MENTAL DAS POPULA\u00c7\u00d5ES ATINGIDAS<\/p>\n\n\n\n<p><strong>3\u00b0 Lugar<\/strong>:&nbsp;ISOLAMENTO, IDENTIFICA\u00c7\u00c3O E POTENCIAL BIOTECNOL\u00d3GICO DE FUNGOS ENDOF\u00cdTICOS ASSOCIADOS \u00c0 PLANTA JAMB\u00da (Acmella ciliata).<\/p>\n","protected":false},"excerpt":{"rendered":"<p>CI\u00caNCIAS AGR\u00c1RIAS 1\u00b0 Lugar:\u00a0LEVANTAMENTO FITOSSOCIOL\u00d3GICO DE UM FRAGMENTO DE CERRADO &#8211; TERRAQUARIUM, PALMAS &#8211; TOCANTINS, BRASIL 2\u00b0 Lugar:\u00a0ENUCLEA\u00c7\u00c3O EM CANINO AP\u00d3S TRAUMA OCULAR POR ARRANHADURA 3\u00b0 Lugar:\u00a0EDUCA\u00c7\u00c3O AMBIENTAL INFANTIL: A IMPORT\u00c2NCIA DA NATUREZA NO DESENVOLVIMENTO DAS CRIAN\u00c7AS CI\u00caNCIAS EXATAS 1\u00b0 Lugar:\u00a0DESENVOLVIMENTO DE UM ASSISTENTE INTELIGENTE ESPECIALIZADO UTILIZANDO A ARQUITETURA RAG 2\u00b0 Lugar:\u00a0ESTRUTURAS SEM\u00c2NTICAS PARA AGENTES [&hellip;]<\/p>\n","protected":false},"author":1,"featured_media":0,"parent":0,"menu_order":0,"comment_status":"closed","ping_status":"closed","template":"","meta":[],"_links":{"self":[{"href":"https:\/\/ulbra-to.br\/jornada\/wp-json\/wp\/v2\/pages\/1636"}],"collection":[{"href":"https:\/\/ulbra-to.br\/jornada\/wp-json\/wp\/v2\/pages"}],"about":[{"href":"https:\/\/ulbra-to.br\/jornada\/wp-json\/wp\/v2\/types\/page"}],"author":[{"embeddable":true,"href":"https:\/\/ulbra-to.br\/jornada\/wp-json\/wp\/v2\/users\/1"}],"replies":[{"embeddable":true,"href":"https:\/\/ulbra-to.br\/jornada\/wp-json\/wp\/v2\/comments?post=1636"}],"version-history":[{"count":3,"href":"https:\/\/ulbra-to.br\/jornada\/wp-json\/wp\/v2\/pages\/1636\/revisions"}],"predecessor-version":[{"id":1878,"href":"https:\/\/ulbra-to.br\/jornada\/wp-json\/wp\/v2\/pages\/1636\/revisions\/1878"}],"wp:attachment":[{"href":"https:\/\/ulbra-to.br\/jornada\/wp-json\/wp\/v2\/media?parent=1636"}],"curies":[{"name":"wp","href":"https:\/\/api.w.org\/{rel}","templated":true}]}}