






	
{"id":622,"date":"2021-09-27T14:56:57","date_gmt":"2021-09-27T17:56:57","guid":{"rendered":"http:\/\/ulbra-to.br\/jornada\/?page_id=622"},"modified":"2021-09-27T14:56:57","modified_gmt":"2021-09-27T17:56:57","slug":"informacoes-para-apresentacao-2021","status":"publish","type":"page","link":"https:\/\/ulbra-to.br\/jornada\/informacoes-para-apresentacao-2021","title":{"rendered":"Informa\u00e7\u00f5es para Apresenta\u00e7\u00e3o 2021"},"content":{"rendered":"\n<p>Uma vez que os trabalhos tenham sido aprovados, os autores devem enviar<br>um p\u00f4ster e um v\u00eddeo de apresenta\u00e7\u00e3o do trabalho seguindo as indica\u00e7\u00f5es<br>abaixo:<\/p>\n\n\n\n<h5>NORMAS PARA O P\u00d4STER<\/h5>\n\n\n\n<ol id=\"block-7e23adde-0417-4448-8062-716e996a111c\"><li>Prepara\u00e7\u00e3o do P\u00f4ster:<ul><li>Tamanho A4;<\/li><li>Formato: PDF;<\/li><li>Utilizar os v\u00e1rios recursos gr\u00e1ficos dispon\u00edveis para despertar o interesse do p\u00fablico;<\/li><li>Organizar as informa\u00e7\u00f5es de modo que a ideia central do trabalho seja facilmente compreendida;<\/li><li>Utilizar o m\u00ednimo de texto e o m\u00e1ximo de figuras, fotos, tabelas e gr\u00e1ficos poss\u00edveis.<\/li><\/ul><\/li><li>No p\u00f4ster dever\u00e1 constar:<ul><li>T\u00edtulo (id\u00eantico ao do resumo submetido);<\/li><li>Nomes e institui\u00e7\u00f5es dos autores;<\/li><li>Introdu\u00e7\u00e3o, Metodologia, Resultados, Conclus\u00f5es, Refer\u00eancias; Institui\u00e7\u00e3o de fomento se houver.<\/li><\/ul><\/li><li>Aten\u00e7\u00e3o:<ul><li>O p\u00f4ster de apresenta\u00e7\u00e3o dever\u00e1 ser enviado por meio do formul\u00e1rio:\u00a0 <a href=\"https:\/\/forms.gle\/vFbBK9ZcNtAk6Y3t7\" target=\"_blank\" rel=\"noreferrer noopener\">LINK PARA O FORMUL\u00c1RIO<\/a>;\u00a0<\/li><li>Os alunos do CEULP\/ULBRA que tiverem seus trabalhos aprovados devem colocar do lado esquerdo do p\u00f4ster o logotipo do CEULP\/ULBRA e do lado direito o da Educa\u00e7\u00e3o Continuada (ambos dispon\u00edveis na p\u00e1gina).<\/li><\/ul><\/li><\/ol>\n\n\n\n<h5>NORMAS PARA O V\u00cdDEO DE APRESENTA\u00c7\u00c3O<\/h5>\n\n\n\n<ol><li>Prepara\u00e7\u00e3o do V\u00eddeo:\u00a0<ul><li>O v\u00eddeo dever\u00e1 ter no m\u00e1ximo 3 minutos;<\/li><li>Deve estar hospedado no YouTube;<\/li><li>Recomenda-se fortemente que os aspectos visuais e, principalmente, orais da apresenta\u00e7\u00e3o sejam priorizados. Sejam criativos!<\/li><\/ul><\/li><li>No v\u00eddeo dever\u00e1 constar:<ul><li>T\u00edtulo (id\u00eantico ao do resumo submetido);<\/li><li>Nomes e institui\u00e7\u00f5es dos autores;<\/li><li>Os t\u00f3picos sugeridos na constru\u00e7\u00e3o do resumo, quais sejam: Introdu\u00e7\u00e3o, Metodologia, Resultados, Conclus\u00f5es e Refer\u00eancias.<\/li><li>Sugere-se que a maior parte da apresenta\u00e7\u00e3o em v\u00eddeo seja dedicada aos m\u00e9todos e resultados;<\/li><\/ul><\/li><li>Aten\u00e7\u00e3o:<ul><li>O link do v\u00eddeo de apresenta\u00e7\u00e3o dever\u00e1 ser enviado por meio do formul\u00e1rio: <a href=\"https:\/\/forms.gle\/vFbBK9ZcNtAk6Y3t7\" target=\"_blank\" rel=\"noreferrer noopener\">LINK PARA O FORMUL\u00c1RIO<\/a>;\u00a0\u00a0<\/li><li>Os trabalhos que n\u00e3o tiverem seus v\u00eddeos enviados ou em conformidade com as orienta\u00e7\u00f5es, n\u00e3o ser\u00e3o avaliados na etapa de premia\u00e7\u00e3o.<\/li><\/ul><\/li><\/ol>\n","protected":false},"excerpt":{"rendered":"<p>Uma vez que os trabalhos tenham sido aprovados, os autores devem enviarum p\u00f4ster e um v\u00eddeo de apresenta\u00e7\u00e3o do trabalho seguindo as indica\u00e7\u00f5esabaixo: NORMAS PARA O P\u00d4STER Prepara\u00e7\u00e3o do P\u00f4ster: Tamanho A4; Formato: PDF; Utilizar os v\u00e1rios recursos gr\u00e1ficos dispon\u00edveis para despertar o interesse do p\u00fablico; Organizar as informa\u00e7\u00f5es de modo que a ideia central [&hellip;]<\/p>\n","protected":false},"author":1,"featured_media":0,"parent":0,"menu_order":0,"comment_status":"closed","ping_status":"closed","template":"","meta":[],"_links":{"self":[{"href":"https:\/\/ulbra-to.br\/jornada\/wp-json\/wp\/v2\/pages\/622"}],"collection":[{"href":"https:\/\/ulbra-to.br\/jornada\/wp-json\/wp\/v2\/pages"}],"about":[{"href":"https:\/\/ulbra-to.br\/jornada\/wp-json\/wp\/v2\/types\/page"}],"author":[{"embeddable":true,"href":"https:\/\/ulbra-to.br\/jornada\/wp-json\/wp\/v2\/users\/1"}],"replies":[{"embeddable":true,"href":"https:\/\/ulbra-to.br\/jornada\/wp-json\/wp\/v2\/comments?post=622"}],"version-history":[{"count":2,"href":"https:\/\/ulbra-to.br\/jornada\/wp-json\/wp\/v2\/pages\/622\/revisions"}],"predecessor-version":[{"id":630,"href":"https:\/\/ulbra-to.br\/jornada\/wp-json\/wp\/v2\/pages\/622\/revisions\/630"}],"wp:attachment":[{"href":"https:\/\/ulbra-to.br\/jornada\/wp-json\/wp\/v2\/media?parent=622"}],"curies":[{"name":"wp","href":"https:\/\/api.w.org\/{rel}","templated":true}]}}