






	
{"id":8,"date":"2020-09-18T11:25:05","date_gmt":"2020-09-18T14:25:05","guid":{"rendered":"http:\/\/localhost\/eventos\/?page_id=8"},"modified":"2025-10-21T11:17:29","modified_gmt":"2025-10-21T14:17:29","slug":"normas-de-publicacao","status":"publish","type":"page","link":"https:\/\/ulbra-to.br\/jornada\/normas-de-publicacao","title":{"rendered":"Normas de Publica\u00e7\u00e3o"},"content":{"rendered":"\n<p>O resumo dever\u00e1 <strong>seguir obrigatoriamente<\/strong> a formata\u00e7\u00e3o estabelecida a seguir. A organiza\u00e7\u00e3o do evento avaliar\u00e1 todos os trabalhos e reserva-se no direito de n\u00e3o aceitar os considerados inadequados.<\/p>\n\n\n\n<div class=\"wp-block-file\"><a href=\"https:\/\/ulbra-to.br\/jornada\/wp-content\/uploads\/2025\/09\/Resumo-Expandido-modelo.docx\"><strong>Resumo Expandido &#8211; Modelo<\/strong><\/a><a href=\"https:\/\/ulbra-to.br\/jornada\/wp-content\/uploads\/2025\/09\/Resumo-Expandido-modelo.docx\" class=\"wp-block-file__button\" download>Baixar<\/a><\/div>\n\n\n\n<div class=\"wp-block-file\"><a href=\"https:\/\/ulbra-to.br\/jornada\/wp-content\/uploads\/2025\/09\/Resumo-Expandido-modelo-comentado-1.docx\"><strong>Resumo Expandido &#8211; Modelo comentado<\/strong><\/a><a href=\"https:\/\/ulbra-to.br\/jornada\/wp-content\/uploads\/2025\/09\/Resumo-Expandido-modelo-comentado-1.docx\" class=\"wp-block-file__button\" download>Baixar<\/a><\/div>\n\n\n\n<div class=\"wp-block-file\"><a href=\"https:\/\/ulbra-to.br\/jornada\/wp-content\/uploads\/2025\/10\/Apresentacao-Modelo.pptx\"><strong>Apresentacao &#8211; Modelo<\/strong><\/a><a href=\"https:\/\/ulbra-to.br\/jornada\/wp-content\/uploads\/2025\/10\/Apresentacao-Modelo.pptx\" class=\"wp-block-file__button\" download>Baixar<\/a><\/div>\n\n\n\n<h3 class=\"margin-top: 20px; has-text-color\" style=\"color:#0058a2\"><strong>NORMAS PARA O RESUMO<\/strong><\/h3>\n\n\n\n<p><\/p>\n\n\n\n<h3 class=\"has-text-color\" style=\"color:#0058a2\"><strong>Importante<\/strong><\/h3>\n\n\n\n<p>Os trabalhos submetidos ser\u00e3o avaliados em duas etapas:<\/p>\n\n\n\n<p><strong>Etapa 1<\/strong>&nbsp;\u2013 O trabalho submetido (resumo expandido) ser\u00e1 avaliado por representantes do Comit\u00ea T\u00e9cnico-Cient\u00edfico e os aprovados estar\u00e3o classificados para a etapa de Apresenta\u00e7\u00e3o Oral.<\/p>\n\n\n\n<p><strong>Etapa 2<\/strong>&nbsp;\u2013 Ap\u00f3s a aprova\u00e7\u00e3o dos resumos, os trabalhos ser\u00e3o avaliados a partir da Apresenta\u00e7\u00e3o Oral, sendo considerados os seguintes crit\u00e9rios de avalia\u00e7\u00e3o:<\/p>\n\n\n\n<ul><li>Comunica\u00e7\u00e3o Visual;<\/li><li>Estrutura e sequ\u00eancia do trabalho;<\/li><li>Objetivos;<\/li><li>Metodologia;<\/li><li>Resultados;<\/li><li>Rela\u00e7\u00e3o entre os objetivos e a conclus\u00e3o;<\/li><li>Dom\u00ednio do conte\u00fado;<\/li><li>Seguran\u00e7a durante a apresenta\u00e7\u00e3o;<\/li><li>Respeito ao tempo de apresenta\u00e7\u00e3o (m\u00e1ximo 5 minutos).<\/li><\/ul>\n\n\n\n<h3 class=\"has-text-color\" style=\"color:#0058a2\"><strong>Aten\u00e7\u00e3o<\/strong><\/h3>\n\n\n\n<ul><li>A inscri\u00e7\u00e3o dos autores, no evento, \u00e9 condi\u00e7\u00e3o obrigat\u00f3ria para a aprova\u00e7\u00e3o do resumo, na primeira etapa.<\/li><li>N\u00e3o h\u00e1 limite de autores por trabalho.<\/li><li>N\u00e3o h\u00e1 limite de trabalhos por autor.<\/li><li>Todo o trabalho dever\u00e1 conter no m\u00ednimo 3 no m\u00e1ximo 5 p\u00e1ginas, sem contar a lista de refer\u00eancias e dados dos autores.<\/li><li>S\u00f3 ser\u00e3o publicados no Anais do evento os trabalhos aprovados na primeira e na segunda etapa.<\/li><li>Importante ter aten\u00e7\u00e3o ao prazo limite para submiss\u00e3o dos resumos.<\/li><li>A rela\u00e7\u00e3o de trabalhos aprovados na primeira etapa, bem como o ensalamento (local da apresenta\u00e7\u00e3o, ser\u00e1 divulgada no site do evento, mas a data poder\u00e1 ser alterada por defini\u00e7\u00e3o da Comiss\u00e3o Organizadora.<\/li><li>Somente os trabalhos aprovados na primeira etapa estar\u00e3o habilitados para a Apresenta\u00e7\u00e3o Oral.<\/li><li>A Apresenta\u00e7\u00e3o Oral dever\u00e1 ser feita de maneira presencial por pelo menos um dos autores.<\/li><li>O credenciamento dos autores ser\u00e1 feito entre 8h30 e 9h, no dia 13 de novembro, no hall central da Ulbra Palmas e os autores direcionados aos locais para Apresenta\u00e7\u00e3o Oral dos trabalhos (verificar com anteced\u00eancia o ensalamento dispon\u00edvel no site do evento).<\/li><li>O uso do crach\u00e1 de identifica\u00e7\u00e3o \u00e9 obrigat\u00f3rio durante a apresenta\u00e7\u00e3o do trabalho.<\/li><li>As salas\/ambientes para as Apresenta\u00e7\u00f5es Orais estar\u00e3o organizadas com recursos audiovisuais (TV e computador). Os autores dever\u00e3o levar o material da apresenta\u00e7\u00e3o em <strong><em>pendrive<\/em><\/strong>. (*) A comiss\u00e3o organizadora n\u00e3o ofertar\u00e1 cabos, extens\u00e3o ou qualquer outro recurso dicional.<\/li><li>A avalia\u00e7\u00e3o da Apresenta\u00e7\u00e3o Oral ser\u00e1 feita por um comit\u00ea t\u00e9cnico-cient\u00edfico para cada \u00e1rea ou jun\u00e7\u00e3o de \u00e1reas (identificadas no site do evento), constitu\u00eddo por professores\/pesquisadores, al\u00e9m de outras institui\u00e7\u00f5es convidadas.<\/li><li>Nenhuma das pontua\u00e7\u00f5es ou notas atribu\u00eddas ao longo do processo de avalia\u00e7\u00e3o do evento ser\u00e1 divulgada.\u00a0<\/li><li>Para o Pr\u00eamio Jovem Pesquisador, ser\u00e1 divulgada apenas a listagem dos tr\u00eas primeiros melhores trabalhos de cada \u00e1rea.\u00a0<\/li><li>A inscri\u00e7\u00e3o no evento implica na aceita\u00e7\u00e3o integral do processo de avalia\u00e7\u00e3o, n\u00e3o cabendo recursos ao processo de avalia\u00e7\u00e3o e sele\u00e7\u00e3o de trabalhos.<\/li><\/ul>\n","protected":false},"excerpt":{"rendered":"<p>O resumo dever\u00e1 seguir obrigatoriamente a formata\u00e7\u00e3o estabelecida a seguir. A organiza\u00e7\u00e3o do evento avaliar\u00e1 todos os trabalhos e reserva-se no direito de n\u00e3o aceitar os considerados inadequados. NORMAS PARA O RESUMO Importante Os trabalhos submetidos ser\u00e3o avaliados em duas etapas: Etapa 1&nbsp;\u2013 O trabalho submetido (resumo expandido) ser\u00e1 avaliado por representantes do Comit\u00ea T\u00e9cnico-Cient\u00edfico [&hellip;]<\/p>\n","protected":false},"author":1,"featured_media":0,"parent":0,"menu_order":0,"comment_status":"closed","ping_status":"closed","template":"","meta":[],"_links":{"self":[{"href":"https:\/\/ulbra-to.br\/jornada\/wp-json\/wp\/v2\/pages\/8"}],"collection":[{"href":"https:\/\/ulbra-to.br\/jornada\/wp-json\/wp\/v2\/pages"}],"about":[{"href":"https:\/\/ulbra-to.br\/jornada\/wp-json\/wp\/v2\/types\/page"}],"author":[{"embeddable":true,"href":"https:\/\/ulbra-to.br\/jornada\/wp-json\/wp\/v2\/users\/1"}],"replies":[{"embeddable":true,"href":"https:\/\/ulbra-to.br\/jornada\/wp-json\/wp\/v2\/comments?post=8"}],"version-history":[{"count":67,"href":"https:\/\/ulbra-to.br\/jornada\/wp-json\/wp\/v2\/pages\/8\/revisions"}],"predecessor-version":[{"id":1687,"href":"https:\/\/ulbra-to.br\/jornada\/wp-json\/wp\/v2\/pages\/8\/revisions\/1687"}],"wp:attachment":[{"href":"https:\/\/ulbra-to.br\/jornada\/wp-json\/wp\/v2\/media?parent=8"}],"curies":[{"name":"wp","href":"https:\/\/api.w.org\/{rel}","templated":true}]}}