






	
{"id":1,"date":"2025-02-07T16:15:53","date_gmt":"2025-02-07T18:15:53","guid":{"rendered":"https:\/\/ulbra-to.br\/medicina\/?page_id=1"},"modified":"2025-10-07T14:17:06","modified_gmt":"2025-10-07T17:17:06","slug":"apresentacao","status":"publish","type":"page","link":"https:\/\/ulbra-to.br\/medicina\/apresentacao","title":{"rendered":"Apresenta\u00e7\u00e3o"},"content":{"rendered":"\n<p>A II Jornada de Inicia\u00e7\u00e3o Cient\u00edfica Ulbra Medicina Palmas constitui f\u00f3rum privilegiado para discuss\u00e3o e divulga\u00e7\u00e3o de quest\u00f5es relativas \u00e0 produ\u00e7\u00e3o cient\u00edfica, al\u00e9m do interc\u00e2mbio entre pesquisadores locais, professores e alunos de gradua\u00e7\u00e3o e de p\u00f3s-gradua\u00e7\u00e3o.<\/p>\n\n\n\n<p><strong>OBJETIVOS<\/strong><\/p>\n\n\n\n<ul><li>Oportunizar aos jovens pesquisadores a apresenta\u00e7\u00e3o dos trabalhos cient\u00edficos desenvolvidos;<\/li><li>Incentivar a pesquisa entre os acad\u00eamicos;<\/li><li>Proporcionar interc\u00e2mbio entre os pesquisadores e estudantes;<\/li><li>Fortalecer a pesquisa na Ulbra Palmas;<\/li><li>Divulgar e debater os trabalhos cient\u00edficos desenvolvidos pelos discentes nas grandes \u00e1reas do conhecimento;<\/li><li>Gerar novos conhecimentos;<\/li><li>Divulgar as pesquisas cient\u00edficas por meio de publica\u00e7\u00f5es.<\/li><\/ul>\n\n\n\n<p><strong>SOBRE O EVENTO<\/strong><\/p>\n\n\n\n<p>Al\u00e9m da possibilidade de participar como apresentadores e ouvintes de trabalhos cient\u00edficos, e em palestras, acad\u00eamicos da Ulbra Medicina Palmas, apresentar\u00e3o seus achados cient\u00edficos, contribuindo para a divulga\u00e7\u00e3o e a discuss\u00e3o de pesquisas, inova\u00e7\u00f5es e produ\u00e7\u00f5es locais, regionais e\/ou nacionais. As atividades tamb\u00e9m s\u00e3o abertas \u00e0 participa\u00e7\u00e3o de acad\u00eamicos de outras Institui\u00e7\u00f5es de ensino e profissionais.<\/p>\n\n\n\n<p>Mediante a avalia\u00e7\u00e3o dos trabalhos (conduzida por docentes da Institui\u00e7\u00e3o e convidados externos), as produ\u00e7\u00f5es concorrer\u00e3o ao Pr\u00eamio Jovem Pesquisador (tr\u00eas melhores trabalhos de cada \u00e1rea). Os participantes externos, face a boa avalia\u00e7\u00e3o, estar\u00e3o aptos a receber Men\u00e7\u00e3o Honrosa.<\/p>\n\n\n\n<p><strong>\u00c1REAS DE AVALIA\u00c7\u00c3O<\/strong><\/p>\n\n\n\n<p>Os trabalhos devem ser elaborados de forma a se enquadrarem nas diversas \u00e1reas do conhecimento da medicina.<\/p>\n","protected":false},"excerpt":{"rendered":"<p>A II Jornada de Inicia\u00e7\u00e3o Cient\u00edfica Ulbra Medicina Palmas constitui f\u00f3rum privilegiado para discuss\u00e3o e divulga\u00e7\u00e3o de quest\u00f5es relativas \u00e0 produ\u00e7\u00e3o cient\u00edfica, al\u00e9m do interc\u00e2mbio entre pesquisadores locais, professores e alunos de gradua\u00e7\u00e3o e de p\u00f3s-gradua\u00e7\u00e3o. OBJETIVOS Oportunizar aos jovens pesquisadores a apresenta\u00e7\u00e3o dos trabalhos cient\u00edficos desenvolvidos; Incentivar a pesquisa entre os acad\u00eamicos; Proporcionar interc\u00e2mbio [&hellip;]<\/p>\n","protected":false},"author":1,"featured_media":0,"parent":0,"menu_order":0,"comment_status":"closed","ping_status":"closed","template":"","meta":[],"_links":{"self":[{"href":"https:\/\/ulbra-to.br\/medicina\/wp-json\/wp\/v2\/pages\/1"}],"collection":[{"href":"https:\/\/ulbra-to.br\/medicina\/wp-json\/wp\/v2\/pages"}],"about":[{"href":"https:\/\/ulbra-to.br\/medicina\/wp-json\/wp\/v2\/types\/page"}],"author":[{"embeddable":true,"href":"https:\/\/ulbra-to.br\/medicina\/wp-json\/wp\/v2\/users\/1"}],"replies":[{"embeddable":true,"href":"https:\/\/ulbra-to.br\/medicina\/wp-json\/wp\/v2\/comments?post=1"}],"version-history":[{"count":3,"href":"https:\/\/ulbra-to.br\/medicina\/wp-json\/wp\/v2\/pages\/1\/revisions"}],"predecessor-version":[{"id":90,"href":"https:\/\/ulbra-to.br\/medicina\/wp-json\/wp\/v2\/pages\/1\/revisions\/90"}],"wp:attachment":[{"href":"https:\/\/ulbra-to.br\/medicina\/wp-json\/wp\/v2\/media?parent=1"}],"curies":[{"name":"wp","href":"https:\/\/api.w.org\/{rel}","templated":true}]}}