






	
{"id":13,"date":"2025-02-11T17:07:06","date_gmt":"2025-02-11T19:07:06","guid":{"rendered":"https:\/\/ulbra-to.br\/medicina\/?page_id=13"},"modified":"2025-10-08T09:40:25","modified_gmt":"2025-10-08T12:40:25","slug":"normas-de-publicacao","status":"publish","type":"page","link":"https:\/\/ulbra-to.br\/medicina\/normas-de-publicacao","title":{"rendered":"Normas"},"content":{"rendered":"\n<p><\/p>\n\n\n\n<div style=\"height:60px\" aria-hidden=\"true\" class=\"wp-block-spacer\"><\/div>\n\n\n\n<h3 class=\"margin-top: 20px; has-text-color\" style=\"color:#0058a2\"><strong>DOWNLOADS<\/strong><\/h3>\n\n\n\n<div style=\"height:20px\" aria-hidden=\"true\" class=\"wp-block-spacer\"><\/div>\n\n\n\n<div class=\"wp-block-file\"><a href=\"https:\/\/ulbra-to.br\/medicina\/wp-content\/uploads\/2025\/10\/Modelo-de-Resumo-2025.docx\">Modelo de Resumo 2025<\/a><a href=\"https:\/\/ulbra-to.br\/medicina\/wp-content\/uploads\/2025\/10\/Modelo-de-Resumo-2025.docx\" class=\"wp-block-file__button\" download>Baixar<\/a><\/div>\n\n\n\n<div class=\"wp-block-file\"><a href=\"https:\/\/ulbra-to.br\/medicina\/wp-content\/uploads\/2025\/10\/Modelo-de-Poster-2025.docx\">Modelo de Poster 2025<\/a><a href=\"https:\/\/ulbra-to.br\/medicina\/wp-content\/uploads\/2025\/10\/Modelo-de-Poster-2025.docx\" class=\"wp-block-file__button\" download>Baixar<\/a><\/div>\n\n\n\n<div style=\"height:20px\" aria-hidden=\"true\" class=\"wp-block-spacer\"><\/div>\n\n\n\n<h3 class=\"margin-top: 20px; has-text-color\" style=\"color:#0058a2\">NORMAS PARA O RESUMO<\/h3>\n\n\n\n<div style=\"height:20px\" aria-hidden=\"true\" class=\"wp-block-spacer\"><\/div>\n\n\n\n<p>O resumo dever\u00e1 seguir obrigatoriamente a formata\u00e7\u00e3o estabelecida. A organiza\u00e7\u00e3o avaliar\u00e1 todos os trabalhos e reserva-se o direito de rejeitar aqueles considerados inadequados.<\/p>\n\n\n\n<p><strong><span style=\"color:#0071a1\" class=\"has-inline-color\">Estrutura e Organiza\u00e7\u00e3o<\/span><\/strong><\/p>\n\n\n\n<p>O trabalho submetido dever\u00e1 obedecer ao formato de <strong>resumo expandido<\/strong>. Os trabalhos devem seguir o <strong>template disponibilizado<\/strong>, que cont\u00e9m a formata\u00e7\u00e3o pr\u00e9-definida de fonte, tamanhos de letras e se\u00e7\u00f5es.<\/p>\n\n\n\n<p>Os autores devem preencher os campos conforme indicado, incluindo:<\/p>\n\n\n\n<ul><li>T\u00edtulo<\/li><li>Autores<\/li><li>Institui\u00e7\u00e3o<\/li><li>Palavras-chave<\/li><\/ul>\n\n\n\n<p>Todo o trabalho dever\u00e1 ter no <strong>m\u00ednimo 3<\/strong> e no m\u00e1ximo<strong> 5 p\u00e1ginas<\/strong>, n\u00e3o incluindo a lista de refer\u00eancias e os dados dos autores.<\/p>\n\n\n\n<p>A estrutura do texto deve ser organizada nas seguintes se\u00e7\u00f5es:<\/p>\n\n\n\n<ul><li><strong>Introdu\u00e7\u00e3o<\/strong><\/li><li><strong>Material e M\u00e9todos<\/strong><\/li><li><strong>Resultados e Discuss\u00e3o<\/strong><\/li><li><strong>Conclus\u00e3o<\/strong><\/li><li><strong>Refer\u00eancias<\/strong><\/li><\/ul>\n\n\n\n<div style=\"height:20px\" aria-hidden=\"true\" class=\"wp-block-spacer\"><\/div>\n\n\n\n<h3 class=\"margin-top: 20px; has-text-color\" style=\"color:#0058a2\"><strong>AVALIA\u00c7\u00c3O DOS TRABALHOS<\/strong><\/h3>\n\n\n\n<div style=\"height:20px\" aria-hidden=\"true\" class=\"wp-block-spacer\"><\/div>\n\n\n\n<p>Os trabalhos submetidos ser\u00e3o avaliados em <strong>duas etapas<\/strong>:<\/p>\n\n\n\n<h3><strong>Etapa 1<\/strong><\/h3>\n\n\n\n<ul><li>O trabalho ser\u00e1 avaliado por representantes do <strong>Comit\u00ea T\u00e9cnico-Cient\u00edfico<\/strong>, e os aprovados estar\u00e3o classificados para a etapa de <strong>apresenta\u00e7\u00e3o oral (p\u00f4ster)<\/strong>.<\/li><\/ul>\n\n\n\n<p><strong>Importante:<\/strong><\/p>\n\n\n\n<ul><li>A inscri\u00e7\u00e3o no evento \u00e9 condi\u00e7\u00e3o obrigat\u00f3ria para a aprova\u00e7\u00e3o do resumo.<\/li><li>Todos os trabalhos aprovados ser\u00e3o publicados nos <strong>Anais do evento<\/strong>.<\/li><li>A rela\u00e7\u00e3o de trabalhos aprovados ser\u00e1 divulgada em <strong>27 de outubro<\/strong>.<br><\/li><\/ul>\n\n\n\n<h3><strong>Etapa 2<\/strong><\/h3>\n\n\n\n<ul><li>Ap\u00f3s a aprova\u00e7\u00e3o, os trabalhos \u2014 no formato p\u00f4ster \u2014 ser\u00e3o avaliados a partir da <strong>apresenta\u00e7\u00e3o oral<\/strong>, considerando os seguintes crit\u00e9rios:<ul><li>Comunica\u00e7\u00e3o visual<\/li><\/ul><ul><li>Estrutura e sequ\u00eancia do trabalho<\/li><\/ul><ul><li>Objetivos<\/li><\/ul><ul><li>Metodologia<\/li><\/ul><ul><li>Resultados<\/li><\/ul><ul><li>Rela\u00e7\u00e3o entre objetivos e conclus\u00e3o<\/li><\/ul><ul><li>Dom\u00ednio do conte\u00fado<\/li><\/ul><ul><li>Seguran\u00e7a durante a apresenta\u00e7\u00e3o<\/li><\/ul><ul><li>Tempo de apresenta\u00e7\u00e3o (<strong>m\u00e1ximo 5 minutos<\/strong>)<\/li><\/ul><\/li><\/ul>\n\n\n\n<p><strong>Importante:<\/strong><\/p>\n\n\n\n<ul><li>A inscri\u00e7\u00e3o no evento \u00e9 obrigat\u00f3ria para a <strong>apresenta\u00e7\u00e3o oral<\/strong> e para a <strong>publica\u00e7\u00e3o do trabalho nos Anais<\/strong>.<\/li><li>Nenhuma pontua\u00e7\u00e3o ou nota ser\u00e1 divulgada; apenas os <strong>tr\u00eas primeiros colocados<\/strong> de cada \u00e1rea do conhecimento.<\/li><li>A inscri\u00e7\u00e3o implica a <strong>aceita\u00e7\u00e3o integral do processo de avalia\u00e7\u00e3o<\/strong>, n\u00e3o cabendo recursos.<\/li><\/ul>\n\n\n\n<div style=\"height:20px\" aria-hidden=\"true\" class=\"wp-block-spacer\"><\/div>\n\n\n\n<h3 class=\"margin-top: 20px; has-text-color\" style=\"color:#0058a2\">NORMAS DO P\u00d4STER E APRESENTA\u00c7\u00c3O<\/h3>\n\n\n\n<div style=\"height:20px\" aria-hidden=\"true\" class=\"wp-block-spacer\"><\/div>\n\n\n\n<h3><strong>Prepara\u00e7\u00e3o<\/strong><\/h3>\n\n\n\n<p>Os autores dever\u00e3o preparar o p\u00f4ster <strong>somente se o resumo for aceito<\/strong> para apresenta\u00e7\u00e3o.<\/p>\n\n\n\n<h3><strong>Estrutura<\/strong><\/h3>\n\n\n\n<ul><li><strong>Tamanho:<\/strong> 0,60 m \u00d7 0,90 m <strong>ou<\/strong> 0,90 m \u00d7 1,20 m<\/li><li><strong>Material:<\/strong> opcional \u2013 lona ou papel<\/li><\/ul>\n\n\n\n<h3><strong>Conte\u00fado do P\u00f4ster<\/strong><\/h3>\n\n\n\n<ul><li>T\u00edtulo id\u00eantico ao do resumo submetido<\/li><li>Nomes e institui\u00e7\u00f5es dos autores<\/li><li>Se\u00e7\u00f5es: Introdu\u00e7\u00e3o, Material e M\u00e9todos, Resultados e Discuss\u00e3o, Conclus\u00e3o e Refer\u00eancias<\/li><li>Indicar a institui\u00e7\u00e3o de fomento (se houver)<\/li><\/ul>\n\n\n\n<h3><strong>Clareza e Apresenta\u00e7\u00e3o<\/strong><\/h3>\n\n\n\n<ul><li>O texto deve ser <strong>leg\u00edvel a pelo menos 2 metros de dist\u00e2ncia<\/strong>.<\/li><li>Utilize recursos gr\u00e1ficos para <strong>despertar o interesse do p\u00fablico<\/strong>.<\/li><li>Organize as informa\u00e7\u00f5es de forma que a <strong>ideia central<\/strong> seja facilmente compreendida.<\/li><li>Use <strong>o m\u00ednimo de texto e o m\u00e1ximo de figuras, fotos, tabelas e gr\u00e1ficos poss\u00edveis<\/strong>.<\/li><\/ul>\n\n\n\n<p>O <strong>layout do p\u00f4ster<\/strong> est\u00e1 dispon\u00edvel para download no site da Jornada.<br><\/p>\n","protected":false},"excerpt":{"rendered":"<p>DOWNLOADS NORMAS PARA O RESUMO O resumo dever\u00e1 seguir obrigatoriamente a formata\u00e7\u00e3o estabelecida. A organiza\u00e7\u00e3o avaliar\u00e1 todos os trabalhos e reserva-se o direito de rejeitar aqueles considerados inadequados. Estrutura e Organiza\u00e7\u00e3o O trabalho submetido dever\u00e1 obedecer ao formato de resumo expandido. Os trabalhos devem seguir o template disponibilizado, que cont\u00e9m a formata\u00e7\u00e3o pr\u00e9-definida de fonte, [&hellip;]<\/p>\n","protected":false},"author":1,"featured_media":0,"parent":0,"menu_order":0,"comment_status":"closed","ping_status":"closed","template":"","meta":[],"_links":{"self":[{"href":"https:\/\/ulbra-to.br\/medicina\/wp-json\/wp\/v2\/pages\/13"}],"collection":[{"href":"https:\/\/ulbra-to.br\/medicina\/wp-json\/wp\/v2\/pages"}],"about":[{"href":"https:\/\/ulbra-to.br\/medicina\/wp-json\/wp\/v2\/types\/page"}],"author":[{"embeddable":true,"href":"https:\/\/ulbra-to.br\/medicina\/wp-json\/wp\/v2\/users\/1"}],"replies":[{"embeddable":true,"href":"https:\/\/ulbra-to.br\/medicina\/wp-json\/wp\/v2\/comments?post=13"}],"version-history":[{"count":13,"href":"https:\/\/ulbra-to.br\/medicina\/wp-json\/wp\/v2\/pages\/13\/revisions"}],"predecessor-version":[{"id":103,"href":"https:\/\/ulbra-to.br\/medicina\/wp-json\/wp\/v2\/pages\/13\/revisions\/103"}],"wp:attachment":[{"href":"https:\/\/ulbra-to.br\/medicina\/wp-json\/wp\/v2\/media?parent=13"}],"curies":[{"name":"wp","href":"https:\/\/api.w.org\/{rel}","templated":true}]}}